{"id":9,"date":"2015-09-12T13:01:44","date_gmt":"2015-09-12T13:01:44","guid":{"rendered":"http:\/\/hd4u.be\/?page_id=9"},"modified":"2020-05-27T08:58:31","modified_gmt":"2020-05-27T07:58:31","slug":"splash","status":"publish","type":"page","link":"https:\/\/hd4u.be\/nl\/","title":{"rendered":""},"content":{"rendered":"<p style=\"text-align: center;\">In deze wereld, is technologie overal aanwezig&#8230;<br \/>\n&#8230; Onze doelstelling : deze toegankelijk maken voor IEDEREEN !<\/p>\n<p style=\"text-align: center;\">Hiervoor stellen wij een gamma van 4 diensten ter uwer beschikking :<\/p>\n<pre style=\"text-align: center;\">(beste bezoeker, deze site zal binnenkort volledig beschikbaar zijn in het Nederlands, gelieve ons te verontschuldigen)<\/pre>\n<p style=\"text-align: left;\"><a href=\"http:\/\/hd4u.be\/vision\"><img loading=\"lazy\" decoding=\"async\" class=\"alignleft wp-image-50\" src=\"http:\/\/hd4u.be\/wp-content\/uploads\/2015\/09\/FFHD_BLUE_LOGO-246x300.png\" alt=\"FFHD_BLUE_LOGO\" width=\"130\" height=\"159\" srcset=\"https:\/\/hd4u.be\/wp-content\/uploads\/2015\/09\/FFHD_BLUE_LOGO-246x300.png 246w, https:\/\/hd4u.be\/wp-content\/uploads\/2015\/09\/FFHD_BLUE_LOGO-840x1024.png 840w, https:\/\/hd4u.be\/wp-content\/uploads\/2015\/09\/FFHD_BLUE_LOGO.png 1075w\" sizes=\"auto, (max-width: 130px) 100vw, 130px\" \/><\/a><em><strong><br \/>\n<\/strong><\/em><a href=\"http:\/\/hd4u.be\/vision\/\"><em><strong>HD <b><i>Vision &#8211; Fly Forward<\/i><\/b><\/strong><\/em><\/a><br \/>\nPrise de vue et montage photo et vid\u00e9o<br \/>\nPrise de vue a\u00e9rienne par <em><strong>drone<\/strong><\/em><span style=\"color: #333333;\"><em> (pilote sous licence*)<\/em><\/span><br \/>\nInspection vid\u00e9o de structures techniques par drone<br \/>\nSimulation\/Int\u00e9gration de vos projets en 3D<\/p>\n<p style=\"text-align: left;\"><a href=\"http:\/\/hd4u.be\/it\"><img loading=\"lazy\" decoding=\"async\" class=\"alignleft\" title=\"I&#038;T by HD\" src=\"http:\/\/hd4u.be\/wp-content\/uploads\/2015\/09\/ITHD_RED_LOGO-300x300.png\" alt=\"ITHD_RED_LOGO\" width=\"120\" height=\"120\" \/><\/a><a href=\"http:\/\/hd4u.be\/it\/\"><b><i>HD <\/i><\/b><b><i>I&#038;T<\/i><\/b> <b><i>&#8211;<\/i><\/b> <em><strong>Innovation<\/strong> <\/em>&#038; <strong><em>Technologies<\/em><\/strong><\/a><br \/>\nAide et conseil technologique pour TOUS\u00a0!<br \/>\nQuelle que soit la technologie, quel que soit votre niveau, nous vous aidons \u00e0 trouver <span style=\"text-decoration: underline;\">LA<\/span> solution qui vous convient\u2026 sans vous ruiner\u00a0!<\/p>\n<p><a href=\"http:\/\/hd4u.be\/concept\"><img loading=\"lazy\" decoding=\"async\" class=\"alignleft wp-image-52\" src=\"http:\/\/hd4u.be\/wp-content\/uploads\/2015\/09\/HDConcept_YELLOW_LOGO-298x300.png\" alt=\"HDConcept_YELLOW_LOGO\" width=\"119\" height=\"120\" srcset=\"https:\/\/hd4u.be\/wp-content\/uploads\/2015\/09\/HDConcept_YELLOW_LOGO-298x300.png 298w, https:\/\/hd4u.be\/wp-content\/uploads\/2015\/09\/HDConcept_YELLOW_LOGO-150x150.png 150w, https:\/\/hd4u.be\/wp-content\/uploads\/2015\/09\/HDConcept_YELLOW_LOGO.png 983w\" sizes=\"auto, (max-width: 119px) 100vw, 119px\" \/><\/a><a href=\"http:\/\/hd4u.be\/concept\/\"><em><strong><b><i>HD<\/i><\/b> Concept<\/strong><\/em><\/a><br \/>\nConception et \u00e9dition graphique (Logos, Identit\u00e9 visuelle, &#8230;)<br \/>\nIdentit\u00e9 digitale &#038;\u00a0visibilit\u00e9 sur le web<br \/>\nCr\u00e9ation et mise en page de vos projets d\u2019impression<br \/>\nImpression 3D de vos maquettes, projets, id\u00e9es, \u2026<\/p>\n<p><a href=\"http:\/\/hd4u.be\/events\"><img loading=\"lazy\" decoding=\"async\" class=\"alignleft wp-image-55\" src=\"http:\/\/hd4u.be\/wp-content\/uploads\/2015\/09\/HDEvents_PURPLE_LOGO1-300x300.png\" alt=\"HDEvents_PURPLE_LOGO\" width=\"120\" height=\"120\" srcset=\"https:\/\/hd4u.be\/wp-content\/uploads\/2015\/09\/HDEvents_PURPLE_LOGO1-300x300.png 300w, https:\/\/hd4u.be\/wp-content\/uploads\/2015\/09\/HDEvents_PURPLE_LOGO1-150x150.png 150w, https:\/\/hd4u.be\/wp-content\/uploads\/2015\/09\/HDEvents_PURPLE_LOGO1.png 983w\" sizes=\"auto, (max-width: 120px) 100vw, 120px\" \/><\/a><a href=\"http:\/\/hd4u.be\/events\/\"><em><strong><b><i>HD<\/i><\/b> Events<\/strong><\/em><strong><em><br \/>\n<\/em><\/strong><\/a>Votre \u00e9v\u00e8nement publicitaire, congr\u00e8s, team building&#8230;<br \/>\nVotre f\u00eate de famille, de A \u00e0 Z\u2026<br \/>\nLa technologie en plus\u00a0!<\/p>\n<p>&nbsp;<\/p>\n","protected":false},"excerpt":{"rendered":"<p>In deze wereld, is technologie overal aanwezig&#8230; &#8230; Onze doelstelling : deze toegankelijk maken voor IEDEREEN ! Hiervoor stellen wij een gamma van 4 diensten ter uwer beschikking : (beste bezoeker, deze site zal binnenkort volledig beschikbaar zijn in het Nederlands, gelieve ons te verontschuldigen) HD Vision &#8211; Fly Forward Prise de vue et montage &hellip; <a href=\"https:\/\/hd4u.be\/nl\/\" class=\"more-link\">Continue reading <span class=\"screen-reader-text\"><\/span><\/a><\/p>\n","protected":false},"author":1,"featured_media":0,"parent":0,"menu_order":1,"comment_status":"closed","ping_status":"closed","template":"","meta":{"footnotes":""},"class_list":["post-9","page","type-page","status-publish","hentry"],"translation":{"provider":"WPGlobus","version":"3.0.0","language":"nl","enabled_languages":["fr","nl","en"],"languages":{"fr":{"title":false,"content":true,"excerpt":false},"nl":{"title":false,"content":true,"excerpt":false},"en":{"title":false,"content":true,"excerpt":false}}},"_links":{"self":[{"href":"https:\/\/hd4u.be\/nl\/wp-json\/wp\/v2\/pages\/9","targetHints":{"allow":["GET"]}}],"collection":[{"href":"https:\/\/hd4u.be\/nl\/wp-json\/wp\/v2\/pages"}],"about":[{"href":"https:\/\/hd4u.be\/nl\/wp-json\/wp\/v2\/types\/page"}],"author":[{"embeddable":true,"href":"https:\/\/hd4u.be\/nl\/wp-json\/wp\/v2\/users\/1"}],"replies":[{"embeddable":true,"href":"https:\/\/hd4u.be\/nl\/wp-json\/wp\/v2\/comments?post=9"}],"version-history":[{"count":73,"href":"https:\/\/hd4u.be\/nl\/wp-json\/wp\/v2\/pages\/9\/revisions"}],"predecessor-version":[{"id":691,"href":"https:\/\/hd4u.be\/nl\/wp-json\/wp\/v2\/pages\/9\/revisions\/691"}],"wp:attachment":[{"href":"https:\/\/hd4u.be\/nl\/wp-json\/wp\/v2\/media?parent=9"}],"curies":[{"name":"wp","href":"https:\/\/api.w.org\/{rel}","templated":true}]}}