{"id":132,"date":"2015-09-16T16:51:39","date_gmt":"2015-09-16T15:51:39","guid":{"rendered":"http:\/\/hd4u.be\/?page_id=132"},"modified":"2019-12-23T13:20:27","modified_gmt":"2019-12-23T12:20:27","slug":"vision","status":"publish","type":"page","link":"https:\/\/hd4u.be\/nl\/vision\/","title":{"rendered":"HD Vision &#8211; Fly Forward"},"content":{"rendered":"<h2 style=\"text-align: center;\"><a href=\"http:\/\/hd4u.be\/wp-content\/uploads\/2015\/09\/FFHD_BLUE_LOGO.png\" target=\"_blank\" rel=\"noopener\"><img loading=\"lazy\" decoding=\"async\" class=\"wp-image-50 alignright\" src=\"http:\/\/hd4u.be\/wp-content\/uploads\/2015\/09\/FFHD_BLUE_LOGO.png\" alt=\"FFHD_BLUE_LOGO\" width=\"120\" height=\"147\" srcset=\"https:\/\/hd4u.be\/wp-content\/uploads\/2015\/09\/FFHD_BLUE_LOGO.png 1075w, https:\/\/hd4u.be\/wp-content\/uploads\/2015\/09\/FFHD_BLUE_LOGO-246x300.png 246w, https:\/\/hd4u.be\/wp-content\/uploads\/2015\/09\/FFHD_BLUE_LOGO-840x1024.png 840w\" sizes=\"auto, (max-width: 120px) 100vw, 120px\" \/><\/a><span style=\"color: #ffffff;\">Nous capturons vos images en<\/span><br \/>\n<span style=\"color: #ffffff;\">Haute D\u00e9finition !<\/span><\/h2>\n<p style=\"text-align: center;\">HD Vision &#8211; Fly Forward<br \/>\nUn service d&#8217;imagerie professionnel pour VOUS !<\/p>\n<p style=\"text-align: justify;\">&#8211; Prise de vues a\u00e9riennes par UAS \/ RPAS (<span style=\"color: #ffffff;\"><strong><em> drone <\/em><\/strong><\/span>)<br \/>\n&#8211; <strong><a href=\"https:\/\/cloud.pix4d.com\/pro\/project\/456812?shareToken=b1404189-ffc3-4acc-8a40-7a6c0f875fac\" target=\"_blank\" rel=\"noopener\"><span style=\"color: #ffffff;\">Mod\u00e9lisation 3D<\/span> par photogramm\u00e9trie<\/a><\/strong><br \/>\n&#8211; Reconstitution d&#8217;\u00e9l\u00e9ments d&#8217;architecture scann\u00e9s gr\u00e2ce \u00e0 notre partenariat au sein du <strong><span style=\"color: #ffffff;\"><a style=\"color: #ffffff;\" href=\"https:\/\/pn3dlg.be\" target=\"_blank\" rel=\"noopener\">P\u00f4le Num\u00e9rique 3D de Li\u00e8ge<\/a><\/span><\/strong><br \/>\n&#8211; <span style=\"color: #ffffff;\">Simulation<\/span> de vos projets de construction, r\u00e9novation et transformation\u00a0 sur photo et vid\u00e9o en <strong><span style=\"color: #ffffff;\">3D<\/span><\/strong><br \/>\n&#8211; <strong><span style=\"color: #ffffff;\">Suivi de vos chantiers en TimeLapse<\/span><\/strong>, de quelques jours \u00e0 plusieurs ann\u00e9es pour les projets les plus cons\u00e9quents : nous avons la solution !<br \/>\n&#8211; <span style=\"color: #ffffff;\"><strong>Inspection technique <\/strong><\/span>de b\u00e2timents et structures difficiles d&#8217;acc\u00e8s (toitures, corniches, pyl\u00f4nes, \u00e9oliennes, &#8230;)<br \/>\n&#8211; <strong><span style=\"color: #ffffff;\">Photographie<\/span> <\/strong>(\u00e9v\u00e8nements, photos d&#8217;identit\u00e9s \u00e0 domicile, &#8230;)<br \/>\n&#8211; <span style=\"color: #ffffff;\"><strong>Reportages vid\u00e9o<\/strong><\/span> (films corporate, \u00e9v\u00e9nements professionnels, f\u00eates de famille, &#8230;)<\/p>\n<p>Service <em><strong><span style=\"color: #ffffff;\">adapt\u00e9 \u00e0 vos besoins et \u00e0 votre budget<\/span><\/strong><\/em> :<br \/>\nExpliquez-nous votre projet et nous fixerons, ensemble, le type de prestations qui vous correspond.<\/p>\n<p>Une des applications possibles : la <em><span style=\"color: #ffffff;\"><strong>mod\u00e9lisation 3D<\/strong><\/span><\/em><\/p>\n<p>&lt;iframe width=&#8221;720&#8243; height=&#8221;315&#8243; src=&#8221;https:\/\/cloud.pix4d.com\/pro\/project\/456812\/model?shareToken=b1404189-ffc3-4acc-8a40-7a6c0f875fac&#8221; frameborder=&#8221;0&#8243; allowfullscreen&gt;&lt;\/iframe&gt;<\/p>\n<p style=\"text-align: justify;\"><em>HD for YOU dispose d&#8217;une autorisation d&#8217;exploitation a\u00e9rienne de classe 1A et est membre actif de la <a href=\"https:\/\/belgiandronefederation.be\/fr\/memberlist\/detail\/258\">Belgian Drone Federation<\/a>, f\u00e9d\u00e9ration Belge de l&#8217;aviation t\u00e9l\u00e9pilote professionnelle civile.<\/em><\/p>\n<p style=\"text-align: justify;\">Le co\u00fbt de nos prestations &#8220;HD Vision &#8211; Fly Forward&#8221; \u00e9tant fortement d\u00e9pendant des conditions dans lesquelles ces prestations se d\u00e9roulent, la tarification de ce service se fera sur devis uniquement, avec signature d&#8217;un contrat avant toute intervention de notre part.<\/p>\n<p><strong><a href=\"http:\/\/hd4u.be\/contact\/\">Contactez-nous<\/a><\/strong> pour un devis !<\/p>\n<p>Utile \u00e0 comprendre : Les tarifs de nos prestations &#8220;Fly Forward&#8221; varient notamment selon la <a href=\"https:\/\/map.droneguide.be\/\" target=\"_blank\" rel=\"noopener\">zone de r\u00e9gulation a\u00e9rienne<\/a> dans laquelle la mission se d\u00e9roule : la proximit\u00e9 d&#8217;un a\u00e9rodrome\/a\u00e9roport rend le dossier beaucoup plus complexe \u00e0 g\u00e9rer (mission consid\u00e9r\u00e9e <em>&#8220;\u00e0 risque accru&#8221;<\/em> par les autorit\u00e9s). <a href=\"http:\/\/hd4u.be\/contact\">Contactez-nous<\/a> pour de plus amples renseignements \u00e0 ce sujet.<\/p>\n","protected":false},"excerpt":{"rendered":"<p>Nous capturons vos images en Haute D\u00e9finition ! HD Vision &#8211; Fly Forward Un service d&#8217;imagerie professionnel pour VOUS ! &#8211; Prise de vues a\u00e9riennes par UAS \/ RPAS ( drone ) &#8211; Mod\u00e9lisation 3D par photogramm\u00e9trie &#8211; Reconstitution d&#8217;\u00e9l\u00e9ments d&#8217;architecture scann\u00e9s gr\u00e2ce \u00e0 notre partenariat au sein du P\u00f4le Num\u00e9rique 3D de Li\u00e8ge &#8211; &hellip; <a href=\"https:\/\/hd4u.be\/nl\/vision\/\" class=\"more-link\">Continue reading <span class=\"screen-reader-text\">HD Vision &#8211; Fly Forward<\/span><\/a><\/p>\n","protected":false},"author":1,"featured_media":0,"parent":0,"menu_order":3,"comment_status":"closed","ping_status":"closed","template":"","meta":{"footnotes":""},"class_list":["post-132","page","type-page","status-publish","hentry"],"translation":{"provider":"WPGlobus","version":"3.0.0","language":"nl","enabled_languages":["fr","nl","en"],"languages":{"fr":{"title":true,"content":true,"excerpt":false},"nl":{"title":true,"content":false,"excerpt":false},"en":{"title":true,"content":false,"excerpt":false}}},"_links":{"self":[{"href":"https:\/\/hd4u.be\/nl\/wp-json\/wp\/v2\/pages\/132","targetHints":{"allow":["GET"]}}],"collection":[{"href":"https:\/\/hd4u.be\/nl\/wp-json\/wp\/v2\/pages"}],"about":[{"href":"https:\/\/hd4u.be\/nl\/wp-json\/wp\/v2\/types\/page"}],"author":[{"embeddable":true,"href":"https:\/\/hd4u.be\/nl\/wp-json\/wp\/v2\/users\/1"}],"replies":[{"embeddable":true,"href":"https:\/\/hd4u.be\/nl\/wp-json\/wp\/v2\/comments?post=132"}],"version-history":[{"count":48,"href":"https:\/\/hd4u.be\/nl\/wp-json\/wp\/v2\/pages\/132\/revisions"}],"predecessor-version":[{"id":668,"href":"https:\/\/hd4u.be\/nl\/wp-json\/wp\/v2\/pages\/132\/revisions\/668"}],"wp:attachment":[{"href":"https:\/\/hd4u.be\/nl\/wp-json\/wp\/v2\/media?parent=132"}],"curies":[{"name":"wp","href":"https:\/\/api.w.org\/{rel}","templated":true}]}}