{"id":135,"date":"2015-09-16T16:04:12","date_gmt":"2015-09-16T16:04:12","guid":{"rendered":"http:\/\/hd4u.be\/?page_id=135"},"modified":"2015-09-30T19:02:41","modified_gmt":"2015-09-30T19:02:41","slug":"concept","status":"publish","type":"page","link":"https:\/\/hd4u.be\/en\/concept\/","title":{"rendered":"HD Concept"},"content":{"rendered":"<h3 style=\"text-align: center;\"><strong><u><a href=\"http:\/\/hd4u.be\/wp-content\/uploads\/2015\/09\/HDConcept_YELLOW_LOGO.png\"><img loading=\"lazy\" decoding=\"async\" class=\"wp-image-52 alignright\" src=\"http:\/\/hd4u.be\/wp-content\/uploads\/2015\/09\/HDConcept_YELLOW_LOGO.png\" alt=\"HDConcept_YELLOW_LOGO\" width=\"116\" height=\"118\" srcset=\"https:\/\/hd4u.be\/wp-content\/uploads\/2015\/09\/HDConcept_YELLOW_LOGO.png 983w, https:\/\/hd4u.be\/wp-content\/uploads\/2015\/09\/HDConcept_YELLOW_LOGO-298x300.png 298w\" sizes=\"auto, (max-width: 116px) 100vw, 116px\" \/><\/a>Votre identit\u00e9 graphique, de A \u00e0 Z !<\/u><\/strong><\/h3>\n<p style=\"text-align: justify;\">Vous d\u00e9marrez une activit\u00e9 ?<br \/>\nIl vous faut un <strong>LOGO<\/strong> ?<br \/>\nVous voudriez une identit\u00e9 graphique int\u00e9gr\u00e9e ?<br \/>\nDes cartes de visites ?<br \/>\nDes menus pour votre restaurant ?<br \/>\nUn slogan publicitaire ?<br \/>\nUne campagne publicitaire ?<br \/>\nVous voudriez \u00eatre plus visible sur le web ?<\/p>\n<p>Nous travaillons \u00e0 vos c\u00f4t\u00e9s pour aboutir au r\u00e9sultat qui VOUS correspond !<\/p>\n<p><u><strong>Support de gestion :<\/strong><\/u><br \/>\nBesoin d&#8217;un syst\u00e8me de facturation simple et personnalis\u00e9 ?<br \/>\nOu d&#8217;une base de donn\u00e9es clients facile \u00e0 g\u00e9rer et peu co\u00fbteuse ?<br \/>\nLaissez-nous nous en charger !<\/p>\n<p><u><strong>Impression 3D :<\/strong><\/u><br \/>\nUn projet \u00e0 mat\u00e9rialiser ? Un objet que vous souhaiteriez reproduire ?<br \/>\nUne maquette dont vous avez les plans ?<br \/>\nNous vous proposons un service d&#8217;impression 3D !<br \/>\n(actuellement via sous-traitance)<\/p>\n<p><a href=\"http:\/\/hd4u.be\/contact\/\">Contactez-nous<\/a> pour \u00e9tudier votre projet !<\/p>\n","protected":false},"excerpt":{"rendered":"<p>Votre identit\u00e9 graphique, de A \u00e0 Z ! Vous d\u00e9marrez une activit\u00e9 ? Il vous faut un LOGO ? Vous voudriez une identit\u00e9 graphique int\u00e9gr\u00e9e ? Des cartes de visites ? Des menus pour votre restaurant ? Un slogan publicitaire ? Une campagne publicitaire ? Vous voudriez \u00eatre plus visible sur le web ? Nous &hellip; <a href=\"https:\/\/hd4u.be\/en\/concept\/\" class=\"more-link\">Continue reading <span class=\"screen-reader-text\">HD Concept<\/span><\/a><\/p>\n","protected":false},"author":1,"featured_media":0,"parent":0,"menu_order":4,"comment_status":"closed","ping_status":"closed","template":"","meta":{"footnotes":""},"class_list":["post-135","page","type-page","status-publish","hentry"],"translation":{"provider":"WPGlobus","version":"3.0.0","language":"en","enabled_languages":["fr","nl","en"],"languages":{"fr":{"title":true,"content":true,"excerpt":false},"nl":{"title":true,"content":true,"excerpt":false},"en":{"title":true,"content":true,"excerpt":false}}},"_links":{"self":[{"href":"https:\/\/hd4u.be\/en\/wp-json\/wp\/v2\/pages\/135","targetHints":{"allow":["GET"]}}],"collection":[{"href":"https:\/\/hd4u.be\/en\/wp-json\/wp\/v2\/pages"}],"about":[{"href":"https:\/\/hd4u.be\/en\/wp-json\/wp\/v2\/types\/page"}],"author":[{"embeddable":true,"href":"https:\/\/hd4u.be\/en\/wp-json\/wp\/v2\/users\/1"}],"replies":[{"embeddable":true,"href":"https:\/\/hd4u.be\/en\/wp-json\/wp\/v2\/comments?post=135"}],"version-history":[{"count":13,"href":"https:\/\/hd4u.be\/en\/wp-json\/wp\/v2\/pages\/135\/revisions"}],"predecessor-version":[{"id":423,"href":"https:\/\/hd4u.be\/en\/wp-json\/wp\/v2\/pages\/135\/revisions\/423"}],"wp:attachment":[{"href":"https:\/\/hd4u.be\/en\/wp-json\/wp\/v2\/media?parent=135"}],"curies":[{"name":"wp","href":"https:\/\/api.w.org\/{rel}","templated":true}]}}